{"id":94,"date":"2014-11-17T19:09:17","date_gmt":"2014-11-17T18:09:17","guid":{"rendered":"http:\/\/allemagnejumelage.saintmedardasso.fr\/?page_id=94"},"modified":"2025-09-03T18:34:57","modified_gmt":"2025-09-03T17:34:57","slug":"activites","status":"publish","type":"page","link":"http:\/\/allemagnejumelage.saintmedardasso.fr\/?page_id=94","title":{"rendered":"Les Activit\u00e9s"},"content":{"rendered":"\n<p>Notre comit\u00e9 propose 3 types d&rsquo;activit\u00e9s :\u00a0<\/p>\n<ul>\n<li>Les cours d&rsquo;allemand, dispens\u00e9s par une personne de langue allemande, tout au long de l&rsquo;ann\u00e9e scolaire.\n<ul>\n<li>4 niveaux sont propos\u00e9s, d\u00e9butant, interm\u00e9diaire, interm\u00e9diaire confirm\u00e9, conversation.<\/li>\n<\/ul>\n<\/li>\n<li>\u00a0<\/li>\n<li>\n<p>Les animations regroupent toutes les activit\u00e9s propos\u00e9es par une \u00e9quipe de b\u00e9n\u00e9voles pour les adh\u00e9rents du comit\u00e9 de jumelage. Elles sont l&rsquo;occasion de rencontres amicales entre les membres de l&rsquo;association.<\/p>\n<ul>\n<li style=\"list-style-type: none;\">\n<ul>\n<li>\n<p>sorties culturelles : expositions, conf\u00e9rences, cin\u00e9ma, visites de Bordeaux avec guide\u2026<\/p>\n<\/li>\n<li>\n<p>soir\u00e9es\u00a0: repas choucroute, soir\u00e9e de No\u00ebl avec d\u00e9gustation des Pl\u00e4tzchen, f\u00eate de fin d\u2019ann\u00e9e avec pr\u00e9sentation de sketches en Allemand par les \u00e9l\u00e8ves des cours\u2026<\/p>\n<\/li>\n<li>sorties conviviales avec visite de notre r\u00e9gion\u2026<\/li>\n<li>\u00a0<\/li>\n<\/ul>\n<\/li>\n<\/ul>\n<\/li>\n<li>Des \u00e9changes annuels avec nos correspondants de Merzig, ville jumelle de St M\u00e9dard en Jalles :\u00a0\n<ul>\n<li style=\"list-style-type: none;\">\n<ul>\n<li>En alternance, nous partons voir nos amis Allemands \u00e0 Merzig et nos amis viennent nous voir \u00e0 St M\u00e9dard.<br \/>C\u2019est l\u2019occasion pour beaucoup de cr\u00e9er des liens ou de renforcer ceux d\u00e9j\u00e0 existants .Ces \u00e9changes aussi sont pour ceux qui tout au long de l\u2019ann\u00e9e assistent aux cours d\u2019Allemand l&rsquo;occasion de pratiquer la langue.<br \/>Chaque personne est h\u00e9berg\u00e9e en famille d\u2019accueil. Le comit\u00e9 qui voyage organise le voyage en groupe; le comit\u00e9 qui re\u00e7oit s&rsquo;occupe du programme (visites culturelles, soir\u00e9es anim\u00e9es \u2026)<\/li>\n<\/ul>\n<\/li>\n<\/ul>\n<\/li>\n<\/ul>\n<p>Pour de plus amples renseignements, voir les articles mis \u00e0 jour au fil des r\u00e9alisations.<\/p>\n","protected":false},"excerpt":{"rendered":"<p>Notre comit\u00e9 propose 3 types d&rsquo;activit\u00e9s :\u00a0 Les cours d&rsquo;allemand, dispens\u00e9s par une personne de langue allemande, tout au long de l&rsquo;ann\u00e9e scolaire. 4 niveaux sont propos\u00e9s, d\u00e9butant, interm\u00e9diaire, interm\u00e9diaire confirm\u00e9, conversation. \u00a0 Les animations regroupent toutes les activit\u00e9s propos\u00e9es par une \u00e9quipe de b\u00e9n\u00e9voles pour les adh\u00e9rents du comit\u00e9 de jumelage. Elles sont l&rsquo;occasion &hellip; <a href=\"http:\/\/allemagnejumelage.saintmedardasso.fr\/?page_id=94\" class=\"more-link\">Continuer la lecture de <span class=\"screen-reader-text\">Les Activit\u00e9s<\/span>  <span class=\"meta-nav\">&rarr;<\/span><\/a><\/p>\n","protected":false},"author":3,"featured_media":0,"parent":0,"menu_order":0,"comment_status":"closed","ping_status":"closed","template":"","meta":{"footnotes":""},"class_list":["post-94","page","type-page","status-publish","hentry"],"_links":{"self":[{"href":"http:\/\/allemagnejumelage.saintmedardasso.fr\/index.php?rest_route=\/wp\/v2\/pages\/94","targetHints":{"allow":["GET"]}}],"collection":[{"href":"http:\/\/allemagnejumelage.saintmedardasso.fr\/index.php?rest_route=\/wp\/v2\/pages"}],"about":[{"href":"http:\/\/allemagnejumelage.saintmedardasso.fr\/index.php?rest_route=\/wp\/v2\/types\/page"}],"author":[{"embeddable":true,"href":"http:\/\/allemagnejumelage.saintmedardasso.fr\/index.php?rest_route=\/wp\/v2\/users\/3"}],"replies":[{"embeddable":true,"href":"http:\/\/allemagnejumelage.saintmedardasso.fr\/index.php?rest_route=%2Fwp%2Fv2%2Fcomments&post=94"}],"version-history":[{"count":6,"href":"http:\/\/allemagnejumelage.saintmedardasso.fr\/index.php?rest_route=\/wp\/v2\/pages\/94\/revisions"}],"predecessor-version":[{"id":2851,"href":"http:\/\/allemagnejumelage.saintmedardasso.fr\/index.php?rest_route=\/wp\/v2\/pages\/94\/revisions\/2851"}],"wp:attachment":[{"href":"http:\/\/allemagnejumelage.saintmedardasso.fr\/index.php?rest_route=%2Fwp%2Fv2%2Fmedia&parent=94"}],"curies":[{"name":"wp","href":"https:\/\/api.w.org\/{rel}","templated":true}]}}