{"id":61,"date":"2014-11-14T16:15:22","date_gmt":"2014-11-14T15:15:22","guid":{"rendered":"http:\/\/allemagnejumelage.saintmedardasso.fr\/?page_id=61"},"modified":"2025-09-03T18:33:02","modified_gmt":"2025-09-03T17:33:02","slug":"bureau","status":"publish","type":"page","link":"http:\/\/allemagnejumelage.saintmedardasso.fr\/?page_id=61","title":{"rendered":"Le Bureau"},"content":{"rendered":"\n\n\n<table style=\"border-collapse: collapse; width: 100%; height: 140px;\">\n<tbody>\n<tr style=\"height: 18px;\">\n<td style=\"width: 20%; height: 18px;\">Fonction<\/td>\n<td style=\"width: 20%; height: 18px;\">Nom<\/td>\n<td style=\"width: 20%; height: 18px;\">Pr\u00e9nom<\/td>\n<td style=\"width: 20%; height: 18px;\">Tel&nbsp;<\/td>\n<td style=\"width: 20%; height: 18px;\">e-mail<\/td>\n<\/tr>\n<tr style=\"height: 50px;\">\n<td style=\"width: 20%; height: 50px;\">Pr\u00e9sidente<\/td>\n<td style=\"width: 20%; height: 50px;\">&nbsp;BATUT<\/td>\n<td style=\"width: 20%; height: 50px;\">&nbsp;Marie-Christine<\/td>\n<td style=\"width: 20%; height: 50px;\">&nbsp;0687886760&nbsp; &nbsp;<\/td>\n<td style=\"width: 20%; height: 50px;\">mcbatut@orange.fr<\/td>\n<\/tr>\n<tr style=\"height: 36px;\">\n<td style=\"width: 20%; height: 36px;\">Secr\u00e9taire<\/td>\n<td style=\"width: 20%; height: 36px;\">&nbsp;GONCALVES<\/td>\n<td style=\"width: 20%; height: 36px;\">&nbsp;Marie-Fran\u00e7oise<\/td>\n<td style=\"width: 20%; height: 36px;\">&nbsp;<\/td>\n<td style=\"width: 20%; height: 36px;\">mfg33f@gmail.com<\/td>\n<\/tr>\n<tr style=\"height: 18px;\">\n<td style=\"width: 20%; height: 18px;\">Tr\u00e9sori\u00e8re<\/td>\n<td style=\"width: 20%; height: 18px;\">&nbsp;LAURENT<\/td>\n<td style=\"width: 20%; height: 18px;\">&nbsp;Brigitte<\/td>\n<td style=\"width: 20%; height: 18px;\">&nbsp;<\/td>\n<td style=\"width: 20%; height: 18px;\">&nbsp;<\/td>\n<\/tr>\n<tr style=\"height: 18px;\">\n<td style=\"width: 20%; height: 18px;\">Tr\u00e9sori\u00e8re<\/td>\n<td style=\"width: 20%; height: 18px;\">&nbsp;BAQUEY<\/td>\n<td style=\"width: 20%; height: 18px;\">&nbsp;Ginette<\/td>\n<td style=\"width: 20%; height: 18px;\">&nbsp;<\/td>\n<td style=\"width: 20%; height: 18px;\">&nbsp;<\/td>\n<\/tr>\n<\/tbody>\n<\/table>\n\n\n","protected":false},"excerpt":{"rendered":"<p>Fonction Nom Pr\u00e9nom Tel&nbsp; e-mail Pr\u00e9sidente &nbsp;BATUT &nbsp;Marie-Christine &nbsp;0687886760&nbsp; &nbsp; mcbatut@orange.fr Secr\u00e9taire &nbsp;GONCALVES &nbsp;Marie-Fran\u00e7oise &nbsp; mfg33f@gmail.com Tr\u00e9sori\u00e8re &nbsp;LAURENT &nbsp;Brigitte &nbsp; &nbsp; Tr\u00e9sori\u00e8re &nbsp;BAQUEY &nbsp;Ginette &nbsp; &nbsp;<\/p>\n","protected":false},"author":5,"featured_media":0,"parent":0,"menu_order":0,"comment_status":"closed","ping_status":"closed","template":"","meta":{"footnotes":""},"class_list":["post-61","page","type-page","status-publish","hentry"],"_links":{"self":[{"href":"http:\/\/allemagnejumelage.saintmedardasso.fr\/index.php?rest_route=\/wp\/v2\/pages\/61","targetHints":{"allow":["GET"]}}],"collection":[{"href":"http:\/\/allemagnejumelage.saintmedardasso.fr\/index.php?rest_route=\/wp\/v2\/pages"}],"about":[{"href":"http:\/\/allemagnejumelage.saintmedardasso.fr\/index.php?rest_route=\/wp\/v2\/types\/page"}],"author":[{"embeddable":true,"href":"http:\/\/allemagnejumelage.saintmedardasso.fr\/index.php?rest_route=\/wp\/v2\/users\/5"}],"replies":[{"embeddable":true,"href":"http:\/\/allemagnejumelage.saintmedardasso.fr\/index.php?rest_route=%2Fwp%2Fv2%2Fcomments&post=61"}],"version-history":[{"count":8,"href":"http:\/\/allemagnejumelage.saintmedardasso.fr\/index.php?rest_route=\/wp\/v2\/pages\/61\/revisions"}],"predecessor-version":[{"id":2849,"href":"http:\/\/allemagnejumelage.saintmedardasso.fr\/index.php?rest_route=\/wp\/v2\/pages\/61\/revisions\/2849"}],"wp:attachment":[{"href":"http:\/\/allemagnejumelage.saintmedardasso.fr\/index.php?rest_route=%2Fwp%2Fv2%2Fmedia&parent=61"}],"curies":[{"name":"wp","href":"https:\/\/api.w.org\/{rel}","templated":true}]}}