{"id":578,"date":"2016-10-05T18:06:38","date_gmt":"2016-10-05T17:06:38","guid":{"rendered":"http:\/\/allemagnejumelage.saintmedardasso.fr\/?page_id=578"},"modified":"2025-09-12T17:37:29","modified_gmt":"2025-09-12T16:37:29","slug":"30-ans-de-jumelage","status":"publish","type":"page","link":"http:\/\/allemagnejumelage.saintmedardasso.fr\/?page_id=578","title":{"rendered":"Anniversaire 30 ans de jumelage"},"content":{"rendered":"<p>&nbsp;<\/p>\n<p>Les 30 ans de jumelage entre Saint M\u00e9dard et Merzig ont \u00e9t\u00e9 f\u00eat\u00e9s comme il se doit, d&rsquo;abord en Aquitaine en juin 2016 :<\/p>\n<p><a href=\"http:\/\/allemagnejumelage.saintmedardasso.fr\/wp-content\/uploads\/2016\/10\/P1210124.jpg\"><img loading=\"lazy\" decoding=\"async\" class=\"alignright wp-image-708 size-large\" src=\"http:\/\/allemagnejumelage.saintmedardasso.fr\/wp-content\/uploads\/2016\/10\/P1210124-1024x768.jpg\" alt=\"p1210124\" width=\"474\" height=\"355\" srcset=\"http:\/\/allemagnejumelage.saintmedardasso.fr\/wp-content\/uploads\/2016\/10\/P1210124-1024x768.jpg 1024w, http:\/\/allemagnejumelage.saintmedardasso.fr\/wp-content\/uploads\/2016\/10\/P1210124-300x225.jpg 300w\" sizes=\"auto, (max-width: 474px) 100vw, 474px\" \/><\/a><\/p>\n<p style=\"text-align: center;\"><a href=\"http:\/\/allemagnejumelage.saintmedardasso.fr\/wp-content\/uploads\/2016\/10\/IMG_8184.jpg\"><img loading=\"lazy\" decoding=\"async\" class=\"alignleft wp-image-702 size-large\" src=\"http:\/\/allemagnejumelage.saintmedardasso.fr\/wp-content\/uploads\/2016\/10\/IMG_8184-1024x682.jpg\" alt=\"img_8184\" width=\"474\" height=\"315\" srcset=\"http:\/\/allemagnejumelage.saintmedardasso.fr\/wp-content\/uploads\/2016\/10\/IMG_8184-1024x682.jpg 1024w, http:\/\/allemagnejumelage.saintmedardasso.fr\/wp-content\/uploads\/2016\/10\/IMG_8184-300x200.jpg 300w\" sizes=\"auto, (max-width: 474px) 100vw, 474px\" \/><\/a><\/p>\n<p style=\"text-align: center;\"><a href=\"http:\/\/allemagnejumelage.saintmedardasso.fr\/wp-content\/uploads\/2016\/10\/IMG_8341.jpg\">\u00a0\u00a0 <\/a><\/p>\n<p style=\"text-align: center;\"><a href=\"http:\/\/allemagnejumelage.saintmedardasso.fr\/wp-content\/uploads\/2016\/10\/IMG_1632.jpg\"><img loading=\"lazy\" decoding=\"async\" class=\" wp-image-579 alignnone\" src=\"http:\/\/allemagnejumelage.saintmedardasso.fr\/wp-content\/uploads\/2016\/10\/IMG_1632.jpg\" alt=\"img_1632\" width=\"478\" height=\"359\" \/><\/a><\/p>\n<p style=\"text-align: center;\"><a href=\"http:\/\/allemagnejumelage.saintmedardasso.fr\/wp-content\/uploads\/2016\/10\/P1210344.jpg\"><img loading=\"lazy\" decoding=\"async\" class=\"alignleft wp-image-709 size-large\" src=\"http:\/\/allemagnejumelage.saintmedardasso.fr\/wp-content\/uploads\/2016\/10\/P1210344-1024x768.jpg\" alt=\"p1210344\" width=\"474\" height=\"355\" srcset=\"http:\/\/allemagnejumelage.saintmedardasso.fr\/wp-content\/uploads\/2016\/10\/P1210344-1024x768.jpg 1024w, http:\/\/allemagnejumelage.saintmedardasso.fr\/wp-content\/uploads\/2016\/10\/P1210344-300x225.jpg 300w\" sizes=\"auto, (max-width: 474px) 100vw, 474px\" \/><\/a><\/p>\n<p style=\"text-align: center;\"><a href=\"http:\/\/allemagnejumelage.saintmedardasso.fr\/wp-content\/uploads\/2016\/10\/IMG_8341.jpg\"><img loading=\"lazy\" decoding=\"async\" class=\"aligncenter wp-image-705 size-large\" src=\"http:\/\/allemagnejumelage.saintmedardasso.fr\/wp-content\/uploads\/2016\/10\/IMG_8341-1024x682.jpg\" alt=\"img_8341\" width=\"474\" height=\"315\" srcset=\"http:\/\/allemagnejumelage.saintmedardasso.fr\/wp-content\/uploads\/2016\/10\/IMG_8341-1024x682.jpg 1024w, http:\/\/allemagnejumelage.saintmedardasso.fr\/wp-content\/uploads\/2016\/10\/IMG_8341-300x200.jpg 300w\" sizes=\"auto, (max-width: 474px) 100vw, 474px\" \/><\/a><\/p>\n<p style=\"text-align: center;\"><a href=\"http:\/\/allemagnejumelage.saintmedardasso.fr\/wp-content\/uploads\/2016\/10\/IMG_8338.jpg\"><img loading=\"lazy\" decoding=\"async\" class=\"alignleft wp-image-704 size-large\" src=\"http:\/\/allemagnejumelage.saintmedardasso.fr\/wp-content\/uploads\/2016\/10\/IMG_8338-1024x682.jpg\" alt=\"img_8338\" width=\"474\" height=\"315\" srcset=\"http:\/\/allemagnejumelage.saintmedardasso.fr\/wp-content\/uploads\/2016\/10\/IMG_8338-1024x682.jpg 1024w, http:\/\/allemagnejumelage.saintmedardasso.fr\/wp-content\/uploads\/2016\/10\/IMG_8338-300x200.jpg 300w\" sizes=\"auto, (max-width: 474px) 100vw, 474px\" \/><\/a><\/p>\n<p style=\"text-align: center;\"><a href=\"http:\/\/allemagnejumelage.saintmedardasso.fr\/wp-content\/uploads\/2016\/10\/IMG_8334-800x600.jpg\"><img loading=\"lazy\" decoding=\"async\" class=\"alignright wp-image-698 size-full\" src=\"http:\/\/allemagnejumelage.saintmedardasso.fr\/wp-content\/uploads\/2016\/10\/IMG_8334-800x600.jpg\" alt=\"img_8334-800x600\" width=\"800\" height=\"533\" srcset=\"http:\/\/allemagnejumelage.saintmedardasso.fr\/wp-content\/uploads\/2016\/10\/IMG_8334-800x600.jpg 800w, http:\/\/allemagnejumelage.saintmedardasso.fr\/wp-content\/uploads\/2016\/10\/IMG_8334-800x600-300x199.jpg 300w\" sizes=\"auto, (max-width: 800px) 100vw, 800px\" \/><\/a><\/p>\n<p style=\"text-align: center;\">\u00a0\u00a0 <a href=\"http:\/\/allemagnejumelage.saintmedardasso.fr\/wp-content\/uploads\/2016\/10\/P1210475.jpg\"><img loading=\"lazy\" decoding=\"async\" class=\"alignright wp-image-710 size-large\" src=\"http:\/\/allemagnejumelage.saintmedardasso.fr\/wp-content\/uploads\/2016\/10\/P1210475-1024x768.jpg\" alt=\"p1210475\" width=\"474\" height=\"355\" srcset=\"http:\/\/allemagnejumelage.saintmedardasso.fr\/wp-content\/uploads\/2016\/10\/P1210475-1024x768.jpg 1024w, http:\/\/allemagnejumelage.saintmedardasso.fr\/wp-content\/uploads\/2016\/10\/P1210475-300x225.jpg 300w\" sizes=\"auto, (max-width: 474px) 100vw, 474px\" \/><\/a> <a href=\"http:\/\/allemagnejumelage.saintmedardasso.fr\/wp-content\/uploads\/2016\/10\/P1210492.jpg\"><img loading=\"lazy\" decoding=\"async\" class=\"alignleft wp-image-711 size-large\" src=\"http:\/\/allemagnejumelage.saintmedardasso.fr\/wp-content\/uploads\/2016\/10\/P1210492-1024x768.jpg\" alt=\"p1210492\" width=\"474\" height=\"355\" srcset=\"http:\/\/allemagnejumelage.saintmedardasso.fr\/wp-content\/uploads\/2016\/10\/P1210492-1024x768.jpg 1024w, http:\/\/allemagnejumelage.saintmedardasso.fr\/wp-content\/uploads\/2016\/10\/P1210492-300x225.jpg 300w\" sizes=\"auto, (max-width: 474px) 100vw, 474px\" \/><\/a> <a href=\"http:\/\/allemagnejumelage.saintmedardasso.fr\/wp-content\/uploads\/2016\/10\/P1210542.jpg\"><img loading=\"lazy\" decoding=\"async\" class=\"alignright wp-image-713 size-large\" src=\"http:\/\/allemagnejumelage.saintmedardasso.fr\/wp-content\/uploads\/2016\/10\/P1210542-1024x768.jpg\" alt=\"p1210542\" width=\"474\" height=\"355\" srcset=\"http:\/\/allemagnejumelage.saintmedardasso.fr\/wp-content\/uploads\/2016\/10\/P1210542-1024x768.jpg 1024w, http:\/\/allemagnejumelage.saintmedardasso.fr\/wp-content\/uploads\/2016\/10\/P1210542-300x225.jpg 300w\" sizes=\"auto, (max-width: 474px) 100vw, 474px\" \/><\/a> <a href=\"http:\/\/allemagnejumelage.saintmedardasso.fr\/wp-content\/uploads\/2016\/10\/P1210557.jpg\"><img loading=\"lazy\" decoding=\"async\" class=\"alignleft wp-image-714 size-large\" src=\"http:\/\/allemagnejumelage.saintmedardasso.fr\/wp-content\/uploads\/2016\/10\/P1210557-1024x768.jpg\" alt=\"p1210557\" width=\"474\" height=\"355\" srcset=\"http:\/\/allemagnejumelage.saintmedardasso.fr\/wp-content\/uploads\/2016\/10\/P1210557-1024x768.jpg 1024w, http:\/\/allemagnejumelage.saintmedardasso.fr\/wp-content\/uploads\/2016\/10\/P1210557-300x225.jpg 300w\" sizes=\"auto, (max-width: 474px) 100vw, 474px\" \/><\/a><\/p>\n<p style=\"text-align: center;\"><a href=\"http:\/\/allemagnejumelage.saintmedardasso.fr\/wp-content\/uploads\/2016\/10\/IMG_1660.jpg\"><img loading=\"lazy\" decoding=\"async\" class=\"alignleft wp-image-700 size-large\" src=\"http:\/\/allemagnejumelage.saintmedardasso.fr\/wp-content\/uploads\/2016\/10\/IMG_1660-1024x768.jpg\" alt=\"img_1660\" width=\"474\" height=\"355\" srcset=\"http:\/\/allemagnejumelage.saintmedardasso.fr\/wp-content\/uploads\/2016\/10\/IMG_1660-1024x768.jpg 1024w, http:\/\/allemagnejumelage.saintmedardasso.fr\/wp-content\/uploads\/2016\/10\/IMG_1660-300x225.jpg 300w\" sizes=\"auto, (max-width: 474px) 100vw, 474px\" \/><\/a><\/p>\n<p style=\"text-align: center;\"><a href=\"http:\/\/allemagnejumelage.saintmedardasso.fr\/wp-content\/uploads\/2016\/10\/IMG_1665.jpg\"><img loading=\"lazy\" decoding=\"async\" class=\"alignright wp-image-701 size-large\" src=\"http:\/\/allemagnejumelage.saintmedardasso.fr\/wp-content\/uploads\/2016\/10\/IMG_1665-1024x768.jpg\" alt=\"img_1665\" width=\"474\" height=\"355\" srcset=\"http:\/\/allemagnejumelage.saintmedardasso.fr\/wp-content\/uploads\/2016\/10\/IMG_1665-1024x768.jpg 1024w, http:\/\/allemagnejumelage.saintmedardasso.fr\/wp-content\/uploads\/2016\/10\/IMG_1665-300x225.jpg 300w\" sizes=\"auto, (max-width: 474px) 100vw, 474px\" \/><\/a><\/p>\n<p style=\"text-align: center;\"><a href=\"http:\/\/allemagnejumelage.saintmedardasso.fr\/wp-content\/uploads\/2016\/10\/P1210583.jpg\"><img loading=\"lazy\" decoding=\"async\" class=\"aligncenter wp-image-707 size-large\" src=\"http:\/\/allemagnejumelage.saintmedardasso.fr\/wp-content\/uploads\/2016\/10\/P1210583-1024x768.jpg\" alt=\"p1210583\" width=\"474\" height=\"355\" srcset=\"http:\/\/allemagnejumelage.saintmedardasso.fr\/wp-content\/uploads\/2016\/10\/P1210583-1024x768.jpg 1024w, http:\/\/allemagnejumelage.saintmedardasso.fr\/wp-content\/uploads\/2016\/10\/P1210583-300x225.jpg 300w\" sizes=\"auto, (max-width: 474px) 100vw, 474px\" \/><\/a><\/p>\n<p>Puis en Sarre en septembre 2017<\/p>\n<p><a href=\"http:\/\/allemagnejumelage.saintmedardasso.fr\/wp-content\/uploads\/2017\/09\/P1040369-800x600.jpg\"><img loading=\"lazy\" decoding=\"async\" class=\"alignnone wp-image-959 size-full\" src=\"http:\/\/allemagnejumelage.saintmedardasso.fr\/wp-content\/uploads\/2017\/09\/P1040369-800x600.jpg\" alt=\"\" width=\"800\" height=\"533\" srcset=\"http:\/\/allemagnejumelage.saintmedardasso.fr\/wp-content\/uploads\/2017\/09\/P1040369-800x600.jpg 800w, http:\/\/allemagnejumelage.saintmedardasso.fr\/wp-content\/uploads\/2017\/09\/P1040369-800x600-300x200.jpg 300w, http:\/\/allemagnejumelage.saintmedardasso.fr\/wp-content\/uploads\/2017\/09\/P1040369-800x600-768x512.jpg 768w\" sizes=\"auto, (max-width: 800px) 100vw, 800px\" \/><\/a><\/p>\n<p><a href=\"http:\/\/allemagnejumelage.saintmedardasso.fr\/wp-content\/uploads\/2017\/09\/P1040400-800x600.jpg\"><img loading=\"lazy\" decoding=\"async\" class=\"alignnone wp-image-962 size-full\" src=\"http:\/\/allemagnejumelage.saintmedardasso.fr\/wp-content\/uploads\/2017\/09\/P1040400-800x600.jpg\" alt=\"\" width=\"800\" height=\"533\" srcset=\"http:\/\/allemagnejumelage.saintmedardasso.fr\/wp-content\/uploads\/2017\/09\/P1040400-800x600.jpg 800w, http:\/\/allemagnejumelage.saintmedardasso.fr\/wp-content\/uploads\/2017\/09\/P1040400-800x600-300x200.jpg 300w, http:\/\/allemagnejumelage.saintmedardasso.fr\/wp-content\/uploads\/2017\/09\/P1040400-800x600-768x512.jpg 768w\" sizes=\"auto, (max-width: 800px) 100vw, 800px\" \/><\/a><\/p>\n<p><a href=\"http:\/\/allemagnejumelage.saintmedardasso.fr\/wp-content\/uploads\/2017\/09\/2017_09_15_P1130572_Stadtverwaltung_Merzig-800x600.jpg\"><img loading=\"lazy\" decoding=\"async\" class=\"alignnone wp-image-952 size-full\" src=\"http:\/\/allemagnejumelage.saintmedardasso.fr\/wp-content\/uploads\/2017\/09\/2017_09_15_P1130572_Stadtverwaltung_Merzig-800x600.jpg\" alt=\"\" width=\"800\" height=\"424\" srcset=\"http:\/\/allemagnejumelage.saintmedardasso.fr\/wp-content\/uploads\/2017\/09\/2017_09_15_P1130572_Stadtverwaltung_Merzig-800x600.jpg 800w, http:\/\/allemagnejumelage.saintmedardasso.fr\/wp-content\/uploads\/2017\/09\/2017_09_15_P1130572_Stadtverwaltung_Merzig-800x600-300x159.jpg 300w, http:\/\/allemagnejumelage.saintmedardasso.fr\/wp-content\/uploads\/2017\/09\/2017_09_15_P1130572_Stadtverwaltung_Merzig-800x600-768x407.jpg 768w\" sizes=\"auto, (max-width: 800px) 100vw, 800px\" \/><\/a><\/p>\n<p><a href=\"http:\/\/allemagnejumelage.saintmedardasso.fr\/wp-content\/uploads\/2017\/09\/P1040463-800x600.jpg\"><img loading=\"lazy\" decoding=\"async\" class=\"alignnone size-medium wp-image-965\" src=\"http:\/\/allemagnejumelage.saintmedardasso.fr\/wp-content\/uploads\/2017\/09\/P1040463-800x600-200x300.jpg\" alt=\"\" width=\"200\" height=\"300\" srcset=\"http:\/\/allemagnejumelage.saintmedardasso.fr\/wp-content\/uploads\/2017\/09\/P1040463-800x600-200x300.jpg 200w, http:\/\/allemagnejumelage.saintmedardasso.fr\/wp-content\/uploads\/2017\/09\/P1040463-800x600.jpg 400w\" sizes=\"auto, (max-width: 200px) 100vw, 200px\" \/><\/a><\/p>\n<p><a href=\"http:\/\/allemagnejumelage.saintmedardasso.fr\/wp-content\/uploads\/2017\/09\/20170916_120801.jpg\"><img loading=\"lazy\" decoding=\"async\" class=\"alignnone wp-image-953 size-full\" src=\"http:\/\/allemagnejumelage.saintmedardasso.fr\/wp-content\/uploads\/2017\/09\/20170916_120801.jpg\" alt=\"\" width=\"1024\" height=\"614\" srcset=\"http:\/\/allemagnejumelage.saintmedardasso.fr\/wp-content\/uploads\/2017\/09\/20170916_120801.jpg 1024w, http:\/\/allemagnejumelage.saintmedardasso.fr\/wp-content\/uploads\/2017\/09\/20170916_120801-300x180.jpg 300w, http:\/\/allemagnejumelage.saintmedardasso.fr\/wp-content\/uploads\/2017\/09\/20170916_120801-768x461.jpg 768w\" sizes=\"auto, (max-width: 1024px) 100vw, 1024px\" \/><\/a><\/p>\n<p><a href=\"http:\/\/allemagnejumelage.saintmedardasso.fr\/wp-content\/uploads\/2017\/09\/P1040501-800x600.jpg\"><img loading=\"lazy\" decoding=\"async\" class=\"alignnone wp-image-967 size-full\" src=\"http:\/\/allemagnejumelage.saintmedardasso.fr\/wp-content\/uploads\/2017\/09\/P1040501-800x600.jpg\" alt=\"\" width=\"800\" height=\"533\" srcset=\"http:\/\/allemagnejumelage.saintmedardasso.fr\/wp-content\/uploads\/2017\/09\/P1040501-800x600.jpg 800w, http:\/\/allemagnejumelage.saintmedardasso.fr\/wp-content\/uploads\/2017\/09\/P1040501-800x600-300x200.jpg 300w, http:\/\/allemagnejumelage.saintmedardasso.fr\/wp-content\/uploads\/2017\/09\/P1040501-800x600-768x512.jpg 768w\" sizes=\"auto, (max-width: 800px) 100vw, 800px\" \/><\/a><\/p>\n<p><a href=\"http:\/\/allemagnejumelage.saintmedardasso.fr\/wp-content\/uploads\/2017\/09\/P1040493-800x600.jpg\"><img loading=\"lazy\" decoding=\"async\" class=\"alignnone wp-image-966 size-full\" src=\"http:\/\/allemagnejumelage.saintmedardasso.fr\/wp-content\/uploads\/2017\/09\/P1040493-800x600.jpg\" alt=\"\" width=\"800\" height=\"533\" srcset=\"http:\/\/allemagnejumelage.saintmedardasso.fr\/wp-content\/uploads\/2017\/09\/P1040493-800x600.jpg 800w, http:\/\/allemagnejumelage.saintmedardasso.fr\/wp-content\/uploads\/2017\/09\/P1040493-800x600-300x200.jpg 300w, http:\/\/allemagnejumelage.saintmedardasso.fr\/wp-content\/uploads\/2017\/09\/P1040493-800x600-768x512.jpg 768w\" sizes=\"auto, (max-width: 800px) 100vw, 800px\" \/><\/a><\/p>\n<p><a href=\"http:\/\/allemagnejumelage.saintmedardasso.fr\/wp-content\/uploads\/2017\/09\/DSC04614.jpg\"><img loading=\"lazy\" decoding=\"async\" class=\"alignnone wp-image-954 size-full\" src=\"http:\/\/allemagnejumelage.saintmedardasso.fr\/wp-content\/uploads\/2017\/09\/DSC04614.jpg\" alt=\"\" width=\"3264\" height=\"2448\" srcset=\"http:\/\/allemagnejumelage.saintmedardasso.fr\/wp-content\/uploads\/2017\/09\/DSC04614.jpg 3264w, http:\/\/allemagnejumelage.saintmedardasso.fr\/wp-content\/uploads\/2017\/09\/DSC04614-300x225.jpg 300w, http:\/\/allemagnejumelage.saintmedardasso.fr\/wp-content\/uploads\/2017\/09\/DSC04614-768x576.jpg 768w, http:\/\/allemagnejumelage.saintmedardasso.fr\/wp-content\/uploads\/2017\/09\/DSC04614-1024x768.jpg 1024w\" sizes=\"auto, (max-width: 3264px) 100vw, 3264px\" \/><\/a><\/p>\n<p><a href=\"http:\/\/allemagnejumelage.saintmedardasso.fr\/wp-content\/uploads\/2017\/09\/P1040617-800x600.jpg\"><img loading=\"lazy\" decoding=\"async\" class=\"alignnone wp-image-970 size-full\" src=\"http:\/\/allemagnejumelage.saintmedardasso.fr\/wp-content\/uploads\/2017\/09\/P1040617-800x600.jpg\" alt=\"\" width=\"800\" height=\"533\" srcset=\"http:\/\/allemagnejumelage.saintmedardasso.fr\/wp-content\/uploads\/2017\/09\/P1040617-800x600.jpg 800w, http:\/\/allemagnejumelage.saintmedardasso.fr\/wp-content\/uploads\/2017\/09\/P1040617-800x600-300x200.jpg 300w, http:\/\/allemagnejumelage.saintmedardasso.fr\/wp-content\/uploads\/2017\/09\/P1040617-800x600-768x512.jpg 768w\" sizes=\"auto, (max-width: 800px) 100vw, 800px\" \/><\/a><\/p>\n<p><a href=\"http:\/\/allemagnejumelage.saintmedardasso.fr\/wp-content\/uploads\/2017\/09\/P1040647-800x600.jpg\"><img loading=\"lazy\" decoding=\"async\" class=\"alignnone wp-image-972 size-full\" src=\"http:\/\/allemagnejumelage.saintmedardasso.fr\/wp-content\/uploads\/2017\/09\/P1040647-800x600.jpg\" alt=\"\" width=\"800\" height=\"533\" srcset=\"http:\/\/allemagnejumelage.saintmedardasso.fr\/wp-content\/uploads\/2017\/09\/P1040647-800x600.jpg 800w, http:\/\/allemagnejumelage.saintmedardasso.fr\/wp-content\/uploads\/2017\/09\/P1040647-800x600-300x200.jpg 300w, http:\/\/allemagnejumelage.saintmedardasso.fr\/wp-content\/uploads\/2017\/09\/P1040647-800x600-768x512.jpg 768w\" sizes=\"auto, (max-width: 800px) 100vw, 800px\" \/><\/a><\/p>\n<p><a href=\"http:\/\/allemagnejumelage.saintmedardasso.fr\/wp-content\/uploads\/2017\/09\/DSC04668.jpg\"><img loading=\"lazy\" decoding=\"async\" class=\"alignnone wp-image-956 size-full\" src=\"http:\/\/allemagnejumelage.saintmedardasso.fr\/wp-content\/uploads\/2017\/09\/DSC04668.jpg\" alt=\"\" width=\"3264\" height=\"2448\" srcset=\"http:\/\/allemagnejumelage.saintmedardasso.fr\/wp-content\/uploads\/2017\/09\/DSC04668.jpg 3264w, http:\/\/allemagnejumelage.saintmedardasso.fr\/wp-content\/uploads\/2017\/09\/DSC04668-300x225.jpg 300w, http:\/\/allemagnejumelage.saintmedardasso.fr\/wp-content\/uploads\/2017\/09\/DSC04668-768x576.jpg 768w, http:\/\/allemagnejumelage.saintmedardasso.fr\/wp-content\/uploads\/2017\/09\/DSC04668-1024x768.jpg 1024w\" sizes=\"auto, (max-width: 3264px) 100vw, 3264px\" \/><\/a><\/p>\n<p><a href=\"http:\/\/allemagnejumelage.saintmedardasso.fr\/wp-content\/uploads\/2017\/09\/P1040653-800x600.jpg\"><img loading=\"lazy\" decoding=\"async\" class=\"alignnone wp-image-973 size-full\" src=\"http:\/\/allemagnejumelage.saintmedardasso.fr\/wp-content\/uploads\/2017\/09\/P1040653-800x600.jpg\" alt=\"\" width=\"800\" height=\"533\" srcset=\"http:\/\/allemagnejumelage.saintmedardasso.fr\/wp-content\/uploads\/2017\/09\/P1040653-800x600.jpg 800w, http:\/\/allemagnejumelage.saintmedardasso.fr\/wp-content\/uploads\/2017\/09\/P1040653-800x600-300x200.jpg 300w, http:\/\/allemagnejumelage.saintmedardasso.fr\/wp-content\/uploads\/2017\/09\/P1040653-800x600-768x512.jpg 768w\" sizes=\"auto, (max-width: 800px) 100vw, 800px\" \/><\/a><\/p>\n<p>&nbsp;<\/p>\n","protected":false},"excerpt":{"rendered":"<p>&nbsp; Les 30 ans de jumelage entre Saint M\u00e9dard et Merzig ont \u00e9t\u00e9 f\u00eat\u00e9s comme il se doit, d&rsquo;abord en Aquitaine en juin 2016 : \u00a0\u00a0 \u00a0\u00a0 Puis en Sarre en septembre 2017 &nbsp;<\/p>\n","protected":false},"author":5,"featured_media":0,"parent":2855,"menu_order":0,"comment_status":"closed","ping_status":"closed","template":"","meta":{"footnotes":""},"class_list":["post-578","page","type-page","status-publish","hentry"],"_links":{"self":[{"href":"http:\/\/allemagnejumelage.saintmedardasso.fr\/index.php?rest_route=\/wp\/v2\/pages\/578","targetHints":{"allow":["GET"]}}],"collection":[{"href":"http:\/\/allemagnejumelage.saintmedardasso.fr\/index.php?rest_route=\/wp\/v2\/pages"}],"about":[{"href":"http:\/\/allemagnejumelage.saintmedardasso.fr\/index.php?rest_route=\/wp\/v2\/types\/page"}],"author":[{"embeddable":true,"href":"http:\/\/allemagnejumelage.saintmedardasso.fr\/index.php?rest_route=\/wp\/v2\/users\/5"}],"replies":[{"embeddable":true,"href":"http:\/\/allemagnejumelage.saintmedardasso.fr\/index.php?rest_route=%2Fwp%2Fv2%2Fcomments&post=578"}],"version-history":[{"count":6,"href":"http:\/\/allemagnejumelage.saintmedardasso.fr\/index.php?rest_route=\/wp\/v2\/pages\/578\/revisions"}],"predecessor-version":[{"id":1402,"href":"http:\/\/allemagnejumelage.saintmedardasso.fr\/index.php?rest_route=\/wp\/v2\/pages\/578\/revisions\/1402"}],"up":[{"embeddable":true,"href":"http:\/\/allemagnejumelage.saintmedardasso.fr\/index.php?rest_route=\/wp\/v2\/pages\/2855"}],"wp:attachment":[{"href":"http:\/\/allemagnejumelage.saintmedardasso.fr\/index.php?rest_route=%2Fwp%2Fv2%2Fmedia&parent=578"}],"curies":[{"name":"wp","href":"https:\/\/api.w.org\/{rel}","templated":true}]}}